{"id":1010,"date":"2022-01-07T11:43:43","date_gmt":"2022-01-07T11:43:43","guid":{"rendered":"https:\/\/fiore.vamtam.com\/?page_id=1010"},"modified":"2025-03-17T02:47:45","modified_gmt":"2025-03-17T01:47:45","slug":"bestellstatus","status":"publish","type":"page","link":"https:\/\/flowers-online.lilitfleurs.eu\/de\/order-status\/","title":{"rendered":"Bestellstatus"},"content":{"rendered":"<div data-elementor-type=\"wp-page\" data-elementor-id=\"1010\" class=\"elementor elementor-1010\" data-elementor-post-type=\"page\">\n\t\t\t\t\t\t<section class=\"elementor-section elementor-top-section elementor-element elementor-element-c07ba60 elementor-section-boxed elementor-section-height-default elementor-section-height-default\" data-id=\"c07ba60\" data-element_type=\"section\" data-e-type=\"section\">\n\t\t\t\t\t\t<div class=\"elementor-container elementor-column-gap-no\">\n\t\t\t\t\t<div class=\"elementor-column elementor-col-100 elementor-top-column elementor-element elementor-element-8ad5429\" data-id=\"8ad5429\" data-element_type=\"column\" data-e-type=\"column\">\n\t\t\t<div class=\"elementor-widget-wrap elementor-element-populated\">\n\t\t\t\t\t\t<div class=\"elementor-element elementor-element-66ac6ec elementor-widget elementor-widget-heading\" data-id=\"66ac6ec\" data-element_type=\"widget\" data-e-type=\"widget\" data-settings=\"{&quot;_animation&quot;:&quot;none&quot;,&quot;_animation_tablet&quot;:&quot;none&quot;}\" data-widget_type=\"heading.default\">\n\t\t\t\t<div class=\"elementor-widget-container\">\n\t\t\t\t\t<h2 class=\"elementor-heading-title elementor-size-default\">Bestellstatus<\/h2>\t\t\t\t<\/div>\n\t\t\t\t<\/div>\n\t\t\t\t<div class=\"elementor-element elementor-element-159fc51 elementor-widget elementor-widget-text-editor\" data-id=\"159fc51\" data-element_type=\"widget\" data-e-type=\"widget\" data-widget_type=\"text-editor.default\">\n\t\t\t\t<div class=\"elementor-widget-container\">\n\t\t\t\t\t\t\t\t\t<p><span style=\"color: #107287;\">Geben Sie die Bestell-ID und die Rechnungs-E-Mail-Adresse ein.\u00a0<\/span><\/p>\t\t\t\t\t\t\t\t<\/div>\n\t\t\t\t<\/div>\n\t\t\t\t<div class=\"elementor-element elementor-element-6c0d904 vamtam-order-tracking-form elementor-widget elementor-widget-wc-elements\" data-id=\"6c0d904\" data-element_type=\"widget\" data-e-type=\"widget\" data-widget_type=\"wc-elements.default\">\n\t\t\t\t<div class=\"elementor-widget-container\">\n\t\t\t\t\t<div class=\"woocommerce\">\n<form action=\"https:\/\/flowers-online.lilitfleurs.eu\/de\/bestellstatus\/\" method=\"post\" class=\"woocommerce-form woocommerce-form-track-order track_order\" data-trp-original-action=\"https:\/\/flowers-online.lilitfleurs.eu\/de\/order-status\/\">\n\n\t\n\t<p data-no-translation=\"\" data-trp-gettext=\"\">Um Ihre Bestellung zu verfolgen, geben Sie bitte Ihre Bestellnummer in das Feld unten ein und klicken Sie auf die Schaltfl\u00e4che &quot;Verfolgen&quot;. Diese Nummer wurde auf Ihrem Kassenbon und in der Best\u00e4tigungs-E-Mail angegeben, die Sie erhalten haben sollten.<\/p>\n\n\t<p class=\"form-row form-row-first\"><label for=\"orderid\" data-no-translation=\"\" data-trp-gettext=\"\">Bestellnummer<\/label> <input class=\"input-text\" type=\"text\" name=\"orderid\" id=\"orderid\" value=\"\" placeholder=\"Best\u00e4tigungs-E-Mail anzeigen.\" data-no-translation-placeholder=\"\" \/><\/p>\t<p class=\"form-row form-row-last\"><label for=\"order_email\" data-no-translation=\"\" data-trp-gettext=\"\">E-mail<\/label> <input class=\"input-text\" type=\"text\" name=\"order_email\" id=\"order_email\" value=\"\" placeholder=\"Von Ihnen verwendete E-Mail-Adresse.\" data-no-translation-placeholder=\"\" \/><\/p>\t<div class=\"clear\"><\/div>\n\n\t\n\t<p class=\"form-row\"><button type=\"submit\" class=\"button\" name=\"track\" value=\"VERFOLGEN\" data-no-translation=\"\" data-trp-gettext=\"\" data-no-translation-value=\"\">VERFOLGEN<\/button><\/p>\n\t<input type=\"hidden\" id=\"woocommerce-order-tracking-nonce\" name=\"woocommerce-order-tracking-nonce\" value=\"bb67352c16\" \/><input type=\"hidden\" name=\"_wp_http_referer\" value=\"\/de\/wp-json\/wp\/v2\/pages\/1010\" \/>\n\t\n<input type=\"hidden\" name=\"trp-form-language\" value=\"de\"\/><\/form>\n<\/div>\t\t\t\t<\/div>\n\t\t\t\t<\/div>\n\t\t\t\t\t<\/div>\n\t\t<\/div>\n\t\t\t\t\t<\/div>\n\t\t<\/section>\n\t\t\t\t<\/div>","protected":false},"excerpt":{"rendered":"<p>Statut de commande Saisissez l&rsquo;ID de commande ainsi que l&rsquo;e-mail de facturation.\u00a0<\/p>","protected":false},"author":6,"featured_media":988950,"parent":0,"menu_order":0,"comment_status":"closed","ping_status":"closed","template":"","meta":{"footnotes":""},"class_list":["post-1010","page","type-page","status-publish","has-post-thumbnail","hentry"],"yoast_head":"<!-- This site is optimized with the Yoast SEO Premium plugin v23.8 (Yoast SEO v27.1.1) - https:\/\/yoast.com\/product\/yoast-seo-premium-wordpress\/ -->\n<title>Statut de Commande \u2013 LILIT FLEURS | Suivez vos Commandes<\/title>\n<meta name=\"description\" content=\"Suivez l&#039;\u00e9tat de votre commande LILIT FLEURS en temps r\u00e9el. Consultez le statut de livraison et les d\u00e9tails de votre commande.\" \/>\n<meta name=\"robots\" content=\"index, follow, max-snippet:-1, max-image-preview:large, max-video-preview:-1\" \/>\n<link rel=\"canonical\" href=\"https:\/\/flowers-online.lilitfleurs.eu\/de\/bestellstatus\/\" \/>\n<meta property=\"og:locale\" content=\"de_DE\" \/>\n<meta property=\"og:type\" content=\"article\" \/>\n<meta property=\"og:title\" content=\"Statut de Commande \u2013 LILIT FLEURS | Suivez vos Commandes\" \/>\n<meta property=\"og:description\" content=\"Suivez l&#039;\u00e9tat de votre commande LILIT FLEURS en temps r\u00e9el. Consultez le statut de livraison et les d\u00e9tails de votre commande.\" \/>\n<meta property=\"og:url\" content=\"https:\/\/flowers-online.lilitfleurs.eu\/de\/bestellstatus\/\" \/>\n<meta property=\"og:site_name\" content=\"Lilit Fleurs\" \/>\n<meta property=\"article:publisher\" content=\"https:\/\/m.facebook.com\/100073802656863\/\" \/>\n<meta property=\"article:modified_time\" content=\"2025-03-17T01:47:45+00:00\" \/>\n<meta property=\"og:image\" content=\"https:\/\/flowers-online.lilitfleurs.eu\/wp-content\/uploads\/2024\/12\/Evelina-1-Fleurs-livraison-Bruxelles-Lilit-Fleurs-14-scaled.jpg\" \/>\n\t<meta property=\"og:image:width\" content=\"1920\" \/>\n\t<meta property=\"og:image:height\" content=\"1440\" \/>\n\t<meta property=\"og:image:type\" content=\"image\/jpeg\" \/>\n<meta name=\"twitter:card\" content=\"summary_large_image\" \/>\n<meta name=\"twitter:title\" content=\"Statut de Commande \u2013 LILIT FLEURS | Suivez vos Commandes\" \/>\n<meta name=\"twitter:description\" content=\"Suivez l&#039;\u00e9tat de votre commande LILIT FLEURS en temps r\u00e9el. Consultez le statut de livraison et les d\u00e9tails de votre commande.\" \/>\n<meta name=\"twitter:label1\" content=\"Gesch\u00e4tzte Lesezeit\" \/>\n\t<meta name=\"twitter:data1\" content=\"1\u00a0Minute\" \/>\n<script type=\"application\/ld+json\" class=\"yoast-schema-graph\">{\"@context\":\"https:\/\/schema.org\",\"@graph\":[{\"@type\":\"WebPage\",\"@id\":\"https:\/\/flowers-online.lilitfleurs.eu\/order-status\/\",\"url\":\"https:\/\/flowers-online.lilitfleurs.eu\/order-status\/\",\"name\":\"Statut de Commande \u2013 LILIT FLEURS | Suivez vos Commandes\",\"isPartOf\":{\"@id\":\"https:\/\/flowers-online.lilitfleurs.eu\/#website\"},\"primaryImageOfPage\":{\"@id\":\"https:\/\/flowers-online.lilitfleurs.eu\/order-status\/#primaryimage\"},\"image\":{\"@id\":\"https:\/\/flowers-online.lilitfleurs.eu\/order-status\/#primaryimage\"},\"thumbnailUrl\":\"https:\/\/flowers-online.lilitfleurs.eu\/wp-content\/uploads\/2024\/12\/Evelina-1-Fleurs-livraison-Bruxelles-Lilit-Fleurs-14-scaled.jpg\",\"datePublished\":\"2022-01-07T11:43:43+00:00\",\"dateModified\":\"2025-03-17T01:47:45+00:00\",\"description\":\"Suivez l'\u00e9tat de votre commande LILIT FLEURS en temps r\u00e9el. Consultez le statut de livraison et les d\u00e9tails de votre commande.\",\"breadcrumb\":{\"@id\":\"https:\/\/flowers-online.lilitfleurs.eu\/order-status\/#breadcrumb\"},\"inLanguage\":\"de\",\"potentialAction\":[{\"@type\":\"ReadAction\",\"target\":[\"https:\/\/flowers-online.lilitfleurs.eu\/order-status\/\"]}]},{\"@type\":\"ImageObject\",\"inLanguage\":\"de\",\"@id\":\"https:\/\/flowers-online.lilitfleurs.eu\/order-status\/#primaryimage\",\"url\":\"https:\/\/flowers-online.lilitfleurs.eu\/wp-content\/uploads\/2024\/12\/Evelina-1-Fleurs-livraison-Bruxelles-Lilit-Fleurs-14-scaled.jpg\",\"contentUrl\":\"https:\/\/flowers-online.lilitfleurs.eu\/wp-content\/uploads\/2024\/12\/Evelina-1-Fleurs-livraison-Bruxelles-Lilit-Fleurs-14-scaled.jpg\",\"width\":1920,\"height\":1440,\"caption\":\"Evelina 1 - Fleurs livraison Bruxelles - Lilit Fleurs\"},{\"@type\":\"BreadcrumbList\",\"@id\":\"https:\/\/flowers-online.lilitfleurs.eu\/order-status\/#breadcrumb\",\"itemListElement\":[{\"@type\":\"ListItem\",\"position\":1,\"name\":\"Lilit Fleurs\",\"item\":\"https:\/\/flowers-online.lilitfleurs.eu\/\"},{\"@type\":\"ListItem\",\"position\":2,\"name\":\"Statut de commande\"}]},{\"@type\":\"WebSite\",\"@id\":\"https:\/\/flowers-online.lilitfleurs.eu\/#website\",\"url\":\"https:\/\/flowers-online.lilitfleurs.eu\/\",\"name\":\"Lilit Fleurs\",\"description\":\"Livraison de fleurs \u00e0 Bruxelles et jusqu&#039;\u00e0 100 km autour, le jour m\u00eame\",\"publisher\":{\"@id\":\"https:\/\/flowers-online.lilitfleurs.eu\/#organization\"},\"alternateName\":\"Livraison \u00e0 Bruxelles et jusqu'\u00e0 100km autour\",\"potentialAction\":[{\"@type\":\"SearchAction\",\"target\":{\"@type\":\"EntryPoint\",\"urlTemplate\":\"https:\/\/flowers-online.lilitfleurs.eu\/?s={search_term_string}\"},\"query-input\":{\"@type\":\"PropertyValueSpecification\",\"valueRequired\":true,\"valueName\":\"search_term_string\"}}],\"inLanguage\":\"de\"},{\"@type\":[\"Organization\",\"Place\",\"Florist\"],\"@id\":\"https:\/\/flowers-online.lilitfleurs.eu\/#organization\",\"name\":\"Lilit Fleurs - Fleuriste et Livraison de fleurs\",\"alternateName\":\"Livraison \u00e0 Bruxelles et jusqu'\u00e0 100km autour\",\"url\":\"https:\/\/flowers-online.lilitfleurs.eu\/\",\"logo\":{\"@id\":\"https:\/\/flowers-online.lilitfleurs.eu\/order-status\/#local-main-organization-logo\"},\"image\":{\"@id\":\"https:\/\/flowers-online.lilitfleurs.eu\/order-status\/#local-main-organization-logo\"},\"sameAs\":[\"https:\/\/m.facebook.com\/100073802656863\/\",\"https:\/\/www.instagram.com\/lilit_fleurs\/\"],\"description\":\"LILIT Fleurs, une entreprise florale renomm\u00e9e \u00e0 Bruxelles, propose des cr\u00e9ations florales uniques \u00e0 travers ses quatre boutiques id\u00e9alement situ\u00e9es dans la capitale belge. Sp\u00e9cialis\u00e9e dans la conception florale pour toutes les occasions, LILIT Fleurs se distingue par son savoir-faire artisanal, ses compositions \u00e9l\u00e9gantes et son service client irr\u00e9prochable. Que ce soit pour des \u00e9v\u00e9nements, des cadeaux ou une simple touche de nature dans votre quotidien, faites confiance \u00e0 LILIT Fleurs pour sublimer chaque instant avec des fleurs de qualit\u00e9 exceptionnelle. Livraison rapide et personnalis\u00e9e \u00e0 Bruxelles et dans un rayon de 100km.\",\"legalName\":\"Lilit Fleurs\",\"foundingDate\":\"2015-02-22\",\"iso6523Code\":\"BEBE0633.996.651\",\"naics\":\"453110\",\"numberOfEmployees\":{\"@type\":\"QuantitativeValue\",\"minValue\":\"11\",\"maxValue\":\"50\"},\"ownershipFundingInfo\":\"https:\/\/flowers-online.lilitfleurs.eu\/contact\/\",\"address\":{\"@id\":\"https:\/\/flowers-online.lilitfleurs.eu\/order-status\/#local-main-place-address\"},\"geo\":{\"@type\":\"GeoCoordinates\",\"latitude\":\"50.803234\",\"longitude\":\"4.341237\"},\"telephone\":[\"0633996651\"],\"contactPoint\":{\"@type\":\"ContactPoint\",\"telephone\":\"02 512 35 30\",\"email\":\"fleurslilit@lilitfleurs.eu\"},\"openingHoursSpecification\":[{\"@type\":\"OpeningHoursSpecification\",\"dayOfWeek\":[\"Monday\",\"Tuesday\",\"Wednesday\",\"Thursday\",\"Friday\",\"Saturday\"],\"opens\":\"09:00\",\"closes\":\"20:00\"},{\"@type\":\"OpeningHoursSpecification\",\"dayOfWeek\":[\"Sunday\"],\"opens\":\"10:00\",\"closes\":\"18:00\"}],\"email\":\"uccle@lilitfleurs.eu\",\"areaServed\":\"Bruxelles\",\"vatID\":\"BE0633996651\",\"priceRange\":\"$\",\"currenciesAccepted\":\"\u20ac\",\"paymentAccepted\":\"Cash,Visa, Bancontact,\"},{\"@type\":\"PostalAddress\",\"@id\":\"https:\/\/flowers-online.lilitfleurs.eu\/order-status\/#local-main-place-address\",\"streetAddress\":\"Av. Brugmann 546\",\"addressLocality\":\"Bruxelles\",\"postalCode\":\"1180\",\"addressCountry\":\"BE\"},{\"@type\":\"ImageObject\",\"inLanguage\":\"de\",\"@id\":\"https:\/\/flowers-online.lilitfleurs.eu\/order-status\/#local-main-organization-logo\",\"url\":\"https:\/\/flowers-online.lilitfleurs.eu\/wp-content\/uploads\/2024\/08\/cropped-Logo-officiel-Lilit-Fleurs-Bruxelles-Fond-invisible.png\",\"contentUrl\":\"https:\/\/flowers-online.lilitfleurs.eu\/wp-content\/uploads\/2024\/08\/cropped-Logo-officiel-Lilit-Fleurs-Bruxelles-Fond-invisible.png\",\"width\":332,\"height\":166,\"caption\":\"Lilit Fleurs - Fleuriste et Livraison de fleurs\"}]}<\/script>\n<meta name=\"geo.placename\" content=\"Bruxelles\" \/>\n<meta name=\"geo.position\" content=\"50.803234;4.341237\" \/>\n<meta name=\"geo.region\" content=\"Belgien\" \/>\n<!-- \/ Yoast SEO Premium plugin. -->","yoast_head_json":{"title":"Bestellstatus \u2013 LILIT FLEURS | Verfolgen Sie Ihre Bestellungen","description":"Verfolgen Sie den Status Ihrer LILIT FLEURS-Bestellung in Echtzeit. Pr\u00fcfen Sie den Lieferstatus und die Details Ihrer Bestellung.","robots":{"index":"index","follow":"follow","max-snippet":"max-snippet:-1","max-image-preview":"max-image-preview:large","max-video-preview":"max-video-preview:-1"},"canonical":"https:\/\/flowers-online.lilitfleurs.eu\/de\/bestellstatus\/","og_locale":"de_DE","og_type":"article","og_title":"Statut de Commande \u2013 LILIT FLEURS | Suivez vos Commandes","og_description":"Suivez l'\u00e9tat de votre commande LILIT FLEURS en temps r\u00e9el. Consultez le statut de livraison et les d\u00e9tails de votre commande.","og_url":"https:\/\/flowers-online.lilitfleurs.eu\/de\/bestellstatus\/","og_site_name":"Lilit Fleurs","article_publisher":"https:\/\/m.facebook.com\/100073802656863\/","article_modified_time":"2025-03-17T01:47:45+00:00","og_image":[{"width":1920,"height":1440,"url":"https:\/\/flowers-online.lilitfleurs.eu\/wp-content\/uploads\/2024\/12\/Evelina-1-Fleurs-livraison-Bruxelles-Lilit-Fleurs-14-scaled.jpg","type":"image\/jpeg"}],"twitter_card":"summary_large_image","twitter_title":"Statut de Commande \u2013 LILIT FLEURS | Suivez vos Commandes","twitter_description":"Suivez l'\u00e9tat de votre commande LILIT FLEURS en temps r\u00e9el. Consultez le statut de livraison et les d\u00e9tails de votre commande.","twitter_misc":{"Gesch\u00e4tzte Lesezeit":"1\u00a0Minute"},"schema":{"@context":"https:\/\/schema.org","@graph":[{"@type":"WebPage","@id":"https:\/\/flowers-online.lilitfleurs.eu\/order-status\/","url":"https:\/\/flowers-online.lilitfleurs.eu\/order-status\/","name":"Bestellstatus \u2013 LILIT FLEURS | Verfolgen Sie Ihre Bestellungen","isPartOf":{"@id":"https:\/\/flowers-online.lilitfleurs.eu\/#website"},"primaryImageOfPage":{"@id":"https:\/\/flowers-online.lilitfleurs.eu\/order-status\/#primaryimage"},"image":{"@id":"https:\/\/flowers-online.lilitfleurs.eu\/order-status\/#primaryimage"},"thumbnailUrl":"https:\/\/flowers-online.lilitfleurs.eu\/wp-content\/uploads\/2024\/12\/Evelina-1-Fleurs-livraison-Bruxelles-Lilit-Fleurs-14-scaled.jpg","datePublished":"2022-01-07T11:43:43+00:00","dateModified":"2025-03-17T01:47:45+00:00","description":"Verfolgen Sie den Status Ihrer LILIT FLEURS-Bestellung in Echtzeit. Pr\u00fcfen Sie den Lieferstatus und die Details Ihrer Bestellung.","breadcrumb":{"@id":"https:\/\/flowers-online.lilitfleurs.eu\/order-status\/#breadcrumb"},"inLanguage":"de","potentialAction":[{"@type":"ReadAction","target":["https:\/\/flowers-online.lilitfleurs.eu\/order-status\/"]}]},{"@type":"ImageObject","inLanguage":"de","@id":"https:\/\/flowers-online.lilitfleurs.eu\/order-status\/#primaryimage","url":"https:\/\/flowers-online.lilitfleurs.eu\/wp-content\/uploads\/2024\/12\/Evelina-1-Fleurs-livraison-Bruxelles-Lilit-Fleurs-14-scaled.jpg","contentUrl":"https:\/\/flowers-online.lilitfleurs.eu\/wp-content\/uploads\/2024\/12\/Evelina-1-Fleurs-livraison-Bruxelles-Lilit-Fleurs-14-scaled.jpg","width":1920,"height":1440,"caption":"Evelina 1 - Fleurs livraison Bruxelles - Lilit Fleurs"},{"@type":"BreadcrumbList","@id":"https:\/\/flowers-online.lilitfleurs.eu\/order-status\/#breadcrumb","itemListElement":[{"@type":"ListItem","position":1,"name":"Lilit Fleurs","item":"https:\/\/flowers-online.lilitfleurs.eu\/"},{"@type":"ListItem","position":2,"name":"Statut de commande"}]},{"@type":"WebSite","@id":"https:\/\/flowers-online.lilitfleurs.eu\/#website","url":"https:\/\/flowers-online.lilitfleurs.eu\/","name":"Lilit Fleurs","description":"Blumenlieferung in Br\u00fcssel und bis zu 100 km Umgebung, am selben Tag","publisher":{"@id":"https:\/\/flowers-online.lilitfleurs.eu\/#organization"},"alternateName":"Livraison \u00e0 Bruxelles et jusqu'\u00e0 100km autour","potentialAction":[{"@type":"SearchAction","target":{"@type":"EntryPoint","urlTemplate":"https:\/\/flowers-online.lilitfleurs.eu\/?s={search_term_string}"},"query-input":{"@type":"PropertyValueSpecification","valueRequired":true,"valueName":"search_term_string"}}],"inLanguage":"de"},{"@type":["Organization","Place","Florist"],"@id":"https:\/\/flowers-online.lilitfleurs.eu\/#organization","name":"Lilit Fleurs \u2013 Florist and Flower Delivery","alternateName":"Livraison \u00e0 Bruxelles et jusqu'\u00e0 100km autour","url":"https:\/\/flowers-online.lilitfleurs.eu\/","logo":{"@id":"https:\/\/flowers-online.lilitfleurs.eu\/order-status\/#local-main-organization-logo"},"image":{"@id":"https:\/\/flowers-online.lilitfleurs.eu\/order-status\/#local-main-organization-logo"},"sameAs":["https:\/\/m.facebook.com\/100073802656863\/","https:\/\/www.instagram.com\/lilit_fleurs\/"],"description":"LILIT Fleurs, ein renommiertes Floristikunternehmen in Br\u00fcssel, bietet einzigartige florale Kreationen in seinen vier ideal in der belgischen Hauptstadt gelegenen Boutiquen an. Spezialisiert auf Floraldesign f\u00fcr alle Anl\u00e4sse, zeichnet sich LILIT Fleurs durch handwerkliches K\u00f6nnen, elegante Kompositionen und tadellosen Kundenservice aus. Ob f\u00fcr Veranstaltungen, Geschenke oder einfach eine nat\u00fcrliche Note im Alltag \u2013 vertrauen Sie auf LILIT Fleurs, um jeden Moment mit Blumen au\u00dfergew\u00f6hnlicher Qualit\u00e4t zu versch\u00f6nern. Schnelle und personalisierte Lieferung in Br\u00fcssel und im Umkreis von 100 km.","legalName":"Lilit Fleurs","foundingDate":"2015-02-22","iso6523Code":"BEBE0633.996.651","naics":"453110","numberOfEmployees":{"@type":"QuantitativeValue","minValue":"11","maxValue":"50"},"ownershipFundingInfo":"https:\/\/flowers-online.lilitfleurs.eu\/contact\/","address":{"@id":"https:\/\/flowers-online.lilitfleurs.eu\/order-status\/#local-main-place-address"},"geo":{"@type":"GeoCoordinates","latitude":"50.803234","longitude":"4.341237"},"telephone":["0633996651"],"contactPoint":{"@type":"ContactPoint","telephone":"02 512 35 30","email":"fleurslilit@lilitfleurs.eu"},"openingHoursSpecification":[{"@type":"OpeningHoursSpecification","dayOfWeek":["Monday","Tuesday","Wednesday","Thursday","Friday","Saturday"],"opens":"09:00","closes":"20:00"},{"@type":"OpeningHoursSpecification","dayOfWeek":["Sunday"],"opens":"10:00","closes":"18:00"}],"email":"uccle@lilitfleurs.eu","areaServed":"Bruxelles","vatID":"BE0633996651","priceRange":"$","currenciesAccepted":"\u20ac","paymentAccepted":"Cash,Visa, Bancontact,"},{"@type":"PostalAddress","@id":"https:\/\/flowers-online.lilitfleurs.eu\/order-status\/#local-main-place-address","streetAddress":"Av. Brugmann 546","addressLocality":"Bruxelles","postalCode":"1180","addressCountry":"BE"},{"@type":"ImageObject","inLanguage":"de","@id":"https:\/\/flowers-online.lilitfleurs.eu\/order-status\/#local-main-organization-logo","url":"https:\/\/flowers-online.lilitfleurs.eu\/wp-content\/uploads\/2024\/08\/cropped-Logo-officiel-Lilit-Fleurs-Bruxelles-Fond-invisible.png","contentUrl":"https:\/\/flowers-online.lilitfleurs.eu\/wp-content\/uploads\/2024\/08\/cropped-Logo-officiel-Lilit-Fleurs-Bruxelles-Fond-invisible.png","width":332,"height":166,"caption":"Lilit Fleurs - Fleuriste et Livraison de fleurs"}]},"geo.placename":"Bruxelles","geo.position":{"lat":"50.803234","long":"4.341237"},"geo.region":"Belgien"},"_links":{"self":[{"href":"https:\/\/flowers-online.lilitfleurs.eu\/de\/wp-json\/wp\/v2\/pages\/1010","targetHints":{"allow":["GET"]}}],"collection":[{"href":"https:\/\/flowers-online.lilitfleurs.eu\/de\/wp-json\/wp\/v2\/pages"}],"about":[{"href":"https:\/\/flowers-online.lilitfleurs.eu\/de\/wp-json\/wp\/v2\/types\/page"}],"author":[{"embeddable":true,"href":"https:\/\/flowers-online.lilitfleurs.eu\/de\/wp-json\/wp\/v2\/users\/6"}],"replies":[{"embeddable":true,"href":"https:\/\/flowers-online.lilitfleurs.eu\/de\/wp-json\/wp\/v2\/comments?post=1010"}],"version-history":[{"count":1,"href":"https:\/\/flowers-online.lilitfleurs.eu\/de\/wp-json\/wp\/v2\/pages\/1010\/revisions"}],"predecessor-version":[{"id":994281,"href":"https:\/\/flowers-online.lilitfleurs.eu\/de\/wp-json\/wp\/v2\/pages\/1010\/revisions\/994281"}],"wp:featuredmedia":[{"embeddable":true,"href":"https:\/\/flowers-online.lilitfleurs.eu\/de\/wp-json\/wp\/v2\/media\/988950"}],"wp:attachment":[{"href":"https:\/\/flowers-online.lilitfleurs.eu\/de\/wp-json\/wp\/v2\/media?parent=1010"}],"curies":[{"name":"wp","href":"https:\/\/api.w.org\/{rel}","templated":true}]}}