{"id":9,"date":"2021-12-09T15:27:33","date_gmt":"2021-12-09T15:27:33","guid":{"rendered":"https:\/\/fiore.vamtam.com\/my-account\/"},"modified":"2026-03-11T23:41:26","modified_gmt":"2026-03-11T22:41:26","slug":"mein-konto","status":"publish","type":"page","link":"https:\/\/flowers-online.lilitfleurs.eu\/de\/my-account\/","title":{"rendered":"Mein Konto"},"content":{"rendered":"<div data-elementor-type=\"wp-page\" data-elementor-id=\"9\" class=\"elementor elementor-9\" data-elementor-post-type=\"page\">\n\t\t\t\t\t\t<section class=\"elementor-section elementor-top-section elementor-element elementor-element-eee372f elementor-section-boxed elementor-section-height-default elementor-section-height-default\" data-id=\"eee372f\" data-element_type=\"section\" data-e-type=\"section\">\n\t\t\t\t\t\t<div class=\"elementor-container elementor-column-gap-no\">\n\t\t\t\t\t<div class=\"elementor-column elementor-col-100 elementor-top-column elementor-element elementor-element-d1ff021\" data-id=\"d1ff021\" data-element_type=\"column\" data-e-type=\"column\">\n\t\t\t<div class=\"elementor-widget-wrap elementor-element-populated\">\n\t\t\t\t\t\t<div class=\"elementor-element elementor-element-4d57a57 elementor-widget elementor-widget-heading\" data-id=\"4d57a57\" data-element_type=\"widget\" data-e-type=\"widget\" data-widget_type=\"heading.default\">\n\t\t\t\t<div class=\"elementor-widget-container\">\n\t\t\t\t\t<h1 class=\"elementor-heading-title elementor-size-default\">Mein Konto<\/h1>\t\t\t\t<\/div>\n\t\t\t\t<\/div>\n\t\t\t\t\t<\/div>\n\t\t<\/div>\n\t\t\t\t\t<\/div>\n\t\t<\/section>\n\t\t\t\t<section class=\"elementor-section elementor-top-section elementor-element elementor-element-2e23afbc elementor-section-boxed elementor-section-height-default elementor-section-height-default\" data-id=\"2e23afbc\" data-element_type=\"section\" data-e-type=\"section\">\n\t\t\t\t\t\t<div class=\"elementor-container elementor-column-gap-no\">\n\t\t\t\t\t<div class=\"elementor-column elementor-col-100 elementor-top-column elementor-element elementor-element-624b946a\" data-id=\"624b946a\" data-element_type=\"column\" data-e-type=\"column\">\n\t\t\t<div class=\"elementor-widget-wrap elementor-element-populated\">\n\t\t\t\t\t\t<div class=\"elementor-element elementor-element-20e7cb3 e-my-account-tabs-horizontal elementor-widget elementor-widget-woocommerce-my-account\" data-id=\"20e7cb3\" data-element_type=\"widget\" data-e-type=\"widget\" data-widget_type=\"woocommerce-my-account.default\">\n\t\t\t\t<div class=\"elementor-widget-container\">\n\t\t\t\t\t<div class=\"e-my-account-tab e-my-account-tab__\">\t\t\t<div class=\"woocommerce\"><div class=\"woocommerce-notices-wrapper\"><\/div>\n\n<div class=\"u-columns col2-set\" id=\"customer_login\">\n\n\t<div class=\"u-column1 col-1\">\n\n\n\t\t<h2 data-no-translation=\"\" data-trp-gettext=\"\">Se connecter <\/h2>\n\n\t\t<form class=\"woocommerce-form woocommerce-form-login login\" method=\"post\" novalidate action=\"\">\n\n\t\t\t\n\t\t\t<p class=\"woocommerce-form-row woocommerce-form-row--wide form-row form-row-wide\">\n\t\t\t\t<label for=\"username\">Pseudo ou e-mail&nbsp;<span class=\"required\" aria-hidden=\"true\">*<\/span><span class=\"screen-reader-text\" data-no-translation=\"\" data-trp-gettext=\"\">Erforderlich<\/span><\/label>\n\t\t\t\t<input type=\"text\" class=\"woocommerce-Input woocommerce-Input--text input-text\" name=\"username\" id=\"username\" autocomplete=\"username\" value=\"\" required aria-required=\"true\" \/>\t\t\t<\/p>\n\t\t\t<p class=\"woocommerce-form-row woocommerce-form-row--wide form-row form-row-wide\">\n\t\t\t\t<label for=\"password\">Mot de passe &nbsp;<span class=\"required\" aria-hidden=\"true\">*<\/span><span class=\"screen-reader-text\" data-no-translation=\"\" data-trp-gettext=\"\">Erforderlich<\/span><\/label>\n\t\t\t\t<input class=\"woocommerce-Input woocommerce-Input--text input-text\" type=\"password\" name=\"password\" id=\"password\" autocomplete=\"current-password\" required aria-required=\"true\" \/>\n\t\t\t<\/p>\n\n\t\t\t\n\t\t\t<p class=\"form-row\">\n\t\t\t\t<label class=\"woocommerce-form__label woocommerce-form__label-for-checkbox woocommerce-form-login__rememberme\">\n\t\t\t\t\t<input class=\"woocommerce-form__input woocommerce-form__input-checkbox\" name=\"rememberme\" type=\"checkbox\" id=\"rememberme\" value=\"forever\" \/> <span data-no-translation=\"\" data-trp-gettext=\"\">Se souvenir de moi<\/span>\n\t\t\t\t<\/label>\n\t\t\t\t<input type=\"hidden\" id=\"woocommerce-login-nonce\" name=\"woocommerce-login-nonce\" value=\"a671c8ccc4\" \/><input type=\"hidden\" name=\"_wp_http_referer\" value=\"\/de\/wp-json\/wp\/v2\/pages\/9\" \/>\t\t\t\t<button type=\"submit\" class=\"woocommerce-button button woocommerce-form-login__submit\" name=\"login\" value=\"Se connecter \" data-no-translation=\"\" data-trp-gettext=\"\" data-no-translation-value=\"\">Se connecter <\/button>\n\t\t\t<\/p>\n\t\t\t<p class=\"woocommerce-LostPassword lost_password\">\n\t\t\t\t<a href=\"https:\/\/flowers-online.lilitfleurs.eu\/de\/my-account\/lost-password\/\" data-no-translation=\"\" data-trp-gettext=\"\">Mot de passe perdu<\/a>\n\t\t\t<\/p>\n\n\t\t\t\n\t\t<input type=\"hidden\" name=\"trp-form-language\" value=\"de\"\/><\/form>\n\n\n\t<\/div>\n\n\t<div class=\"u-column2 col-2\">\n\n\t\t<h2 data-no-translation=\"\" data-trp-gettext=\"\">Enregistrement <\/h2>\n\n\t\t<form method=\"post\" class=\"woocommerce-form woocommerce-form-register register\" action=\"\"  >\n\n\t\t\t\n\t\t\t\n\t\t\t<p class=\"woocommerce-form-row woocommerce-form-row--wide form-row form-row-wide\">\n\t\t\t\t<label for=\"reg_email\">E-mail&nbsp;<span class=\"required\" aria-hidden=\"true\">*<\/span><span class=\"screen-reader-text\" data-no-translation=\"\" data-trp-gettext=\"\">Erforderlich<\/span><\/label>\n\t\t\t\t<input type=\"email\" class=\"woocommerce-Input woocommerce-Input--text input-text\" name=\"email\" id=\"reg_email\" autocomplete=\"email\" value=\"\" required aria-required=\"true\" \/>\t\t\t<\/p>\n\n\t\t\t\n\t\t\t\t<p data-no-translation=\"\" data-trp-gettext=\"\">Un lien pour choisir un mot de passe sera envoy\u00e9 \u00e0 votre e-mail<\/p>\n\n\t\t\t\n\t\t\t<div class=\"woocommerce-privacy-policy-text\"><\/div>\n\t\t\t<p class=\"woocommerce-form-row form-row\">\n\t\t\t\t<input type=\"hidden\" id=\"woocommerce-register-nonce\" name=\"woocommerce-register-nonce\" value=\"51ec1a15ac\" \/><input type=\"hidden\" name=\"_wp_http_referer\" value=\"\/de\/wp-json\/wp\/v2\/pages\/9\" \/>\t\t\t\t<button type=\"submit\" class=\"woocommerce-Button woocommerce-button button woocommerce-form-register__submit\" name=\"register\" value=\"Enregistrement \" data-no-translation=\"\" data-trp-gettext=\"\" data-no-translation-value=\"\">Enregistrement <\/button>\n\t\t\t<\/p>\n\n\t\t\t\n\t\t<input type=\"hidden\" name=\"trp-form-language\" value=\"de\"\/><\/form>\n\n\t<\/div>\n\n<\/div>\n\n<\/div>\t\t<\/div>\n\t\t\t\t\t\t<\/div>\n\t\t\t\t<\/div>\n\t\t\t\t\t<\/div>\n\t\t<\/div>\n\t\t\t\t\t<\/div>\n\t\t<\/section>\n\t\t\t\t<\/div>","protected":false},"excerpt":{"rendered":"<p>Mon compte Tableau de bord Commandes My Subscriptions Adresse D\u00e9tails Quitter Tableau de bord Commandes My Subscriptions Adresse D\u00e9tails Quitter Tableau de bord Commandes My Subscriptions Adresse D\u00e9tails Quitter Tableau&#8230;<\/p>","protected":false},"author":6,"featured_media":989513,"parent":0,"menu_order":0,"comment_status":"closed","ping_status":"closed","template":"","meta":{"footnotes":""},"class_list":["post-9","page","type-page","status-publish","has-post-thumbnail","hentry"],"yoast_head":"<!-- This site is optimized with the Yoast SEO Premium plugin v23.8 (Yoast SEO v27.1.1) - https:\/\/yoast.com\/product\/yoast-seo-premium-wordpress\/ -->\n<title>Mon Compte \u2013 LILIT FLEURS | G\u00e9rer vos Commandes<\/title>\n<meta name=\"description\" content=\"Acc\u00e9dez \u00e0 votre compte LILIT FLEURS pour g\u00e9rer vos commandes, abonnements et informations personnelles. Suivez vos livraisons et profitez d&#039;un service personnalis\u00e9.\" \/>\n<meta name=\"robots\" content=\"index, follow, max-snippet:-1, max-image-preview:large, max-video-preview:-1\" \/>\n<link rel=\"canonical\" href=\"https:\/\/flowers-online.lilitfleurs.eu\/de\/mein-konto\/\" \/>\n<meta property=\"og:locale\" content=\"de_DE\" \/>\n<meta property=\"og:type\" content=\"article\" \/>\n<meta property=\"og:title\" content=\"Mon Compte \u2013 LILIT FLEURS | G\u00e9rer vos Commandes\" \/>\n<meta property=\"og:description\" content=\"Acc\u00e9dez \u00e0 votre compte LILIT FLEURS pour g\u00e9rer vos commandes, abonnements et informations personnelles. Suivez vos livraisons et profitez d&#039;un service personnalis\u00e9.\" \/>\n<meta property=\"og:url\" content=\"https:\/\/flowers-online.lilitfleurs.eu\/de\/mein-konto\/\" \/>\n<meta property=\"og:site_name\" content=\"Lilit Fleurs\" \/>\n<meta property=\"article:publisher\" content=\"https:\/\/m.facebook.com\/100073802656863\/\" \/>\n<meta property=\"article:modified_time\" content=\"2026-03-11T22:41:26+00:00\" \/>\n<meta property=\"og:image\" content=\"https:\/\/flowers-online.lilitfleurs.eu\/wp-content\/uploads\/2024\/12\/Fermina-2-Fleurs-livraison-Bruxelles-Lilit-Fleurs-19-1.jpg\" \/>\n\t<meta property=\"og:image:width\" content=\"480\" \/>\n\t<meta property=\"og:image:height\" content=\"640\" \/>\n\t<meta property=\"og:image:type\" content=\"image\/jpeg\" \/>\n<meta name=\"twitter:card\" content=\"summary_large_image\" \/>\n<meta name=\"twitter:title\" content=\"Mon Compte \u2013 LILIT FLEURS | G\u00e9rer vos Commandes\" \/>\n<meta name=\"twitter:description\" content=\"Acc\u00e9dez \u00e0 votre compte LILIT FLEURS pour g\u00e9rer vos commandes, abonnements et informations personnelles. Suivez vos livraisons et profitez d&#039;un service personnalis\u00e9.\" \/>\n<meta name=\"twitter:label1\" content=\"Gesch\u00e4tzte Lesezeit\" \/>\n\t<meta name=\"twitter:data1\" content=\"1\u00a0Minute\" \/>\n<script type=\"application\/ld+json\" class=\"yoast-schema-graph\">{\"@context\":\"https:\/\/schema.org\",\"@graph\":[{\"@type\":\"WebPage\",\"@id\":\"https:\/\/flowers-online.lilitfleurs.eu\/my-account\/\",\"url\":\"https:\/\/flowers-online.lilitfleurs.eu\/my-account\/\",\"name\":\"Mon Compte \u2013 LILIT FLEURS | G\u00e9rer vos Commandes\",\"isPartOf\":{\"@id\":\"https:\/\/flowers-online.lilitfleurs.eu\/#website\"},\"primaryImageOfPage\":{\"@id\":\"https:\/\/flowers-online.lilitfleurs.eu\/my-account\/#primaryimage\"},\"image\":{\"@id\":\"https:\/\/flowers-online.lilitfleurs.eu\/my-account\/#primaryimage\"},\"thumbnailUrl\":\"https:\/\/flowers-online.lilitfleurs.eu\/wp-content\/uploads\/2024\/12\/Fermina-2-Fleurs-livraison-Bruxelles-Lilit-Fleurs-19-1.jpg\",\"datePublished\":\"2021-12-09T15:27:33+00:00\",\"dateModified\":\"2026-03-11T22:41:26+00:00\",\"description\":\"Acc\u00e9dez \u00e0 votre compte LILIT FLEURS pour g\u00e9rer vos commandes, abonnements et informations personnelles. Suivez vos livraisons et profitez d'un service personnalis\u00e9.\",\"breadcrumb\":{\"@id\":\"https:\/\/flowers-online.lilitfleurs.eu\/my-account\/#breadcrumb\"},\"inLanguage\":\"de\",\"potentialAction\":[{\"@type\":\"ReadAction\",\"target\":[\"https:\/\/flowers-online.lilitfleurs.eu\/my-account\/\"]}]},{\"@type\":\"ImageObject\",\"inLanguage\":\"de\",\"@id\":\"https:\/\/flowers-online.lilitfleurs.eu\/my-account\/#primaryimage\",\"url\":\"https:\/\/flowers-online.lilitfleurs.eu\/wp-content\/uploads\/2024\/12\/Fermina-2-Fleurs-livraison-Bruxelles-Lilit-Fleurs-19-1.jpg\",\"contentUrl\":\"https:\/\/flowers-online.lilitfleurs.eu\/wp-content\/uploads\/2024\/12\/Fermina-2-Fleurs-livraison-Bruxelles-Lilit-Fleurs-19-1.jpg\",\"width\":480,\"height\":640,\"caption\":\"Fermina - Fleurs livraison Bruxelles - Lilit Fleurs\"},{\"@type\":\"BreadcrumbList\",\"@id\":\"https:\/\/flowers-online.lilitfleurs.eu\/my-account\/#breadcrumb\",\"itemListElement\":[{\"@type\":\"ListItem\",\"position\":1,\"name\":\"Lilit Fleurs\",\"item\":\"https:\/\/flowers-online.lilitfleurs.eu\/\"},{\"@type\":\"ListItem\",\"position\":2,\"name\":\"Mon compte\"}]},{\"@type\":\"WebSite\",\"@id\":\"https:\/\/flowers-online.lilitfleurs.eu\/#website\",\"url\":\"https:\/\/flowers-online.lilitfleurs.eu\/\",\"name\":\"Lilit Fleurs\",\"description\":\"Livraison de fleurs \u00e0 Bruxelles et jusqu&#039;\u00e0 100 km autour, le jour m\u00eame\",\"publisher\":{\"@id\":\"https:\/\/flowers-online.lilitfleurs.eu\/#organization\"},\"alternateName\":\"Livraison \u00e0 Bruxelles et jusqu'\u00e0 100km autour\",\"potentialAction\":[{\"@type\":\"SearchAction\",\"target\":{\"@type\":\"EntryPoint\",\"urlTemplate\":\"https:\/\/flowers-online.lilitfleurs.eu\/?s={search_term_string}\"},\"query-input\":{\"@type\":\"PropertyValueSpecification\",\"valueRequired\":true,\"valueName\":\"search_term_string\"}}],\"inLanguage\":\"de\"},{\"@type\":[\"Organization\",\"Place\",\"Florist\"],\"@id\":\"https:\/\/flowers-online.lilitfleurs.eu\/#organization\",\"name\":\"Lilit Fleurs - Fleuriste et Livraison de fleurs\",\"alternateName\":\"Livraison \u00e0 Bruxelles et jusqu'\u00e0 100km autour\",\"url\":\"https:\/\/flowers-online.lilitfleurs.eu\/\",\"logo\":{\"@id\":\"https:\/\/flowers-online.lilitfleurs.eu\/my-account\/#local-main-organization-logo\"},\"image\":{\"@id\":\"https:\/\/flowers-online.lilitfleurs.eu\/my-account\/#local-main-organization-logo\"},\"sameAs\":[\"https:\/\/m.facebook.com\/100073802656863\/\",\"https:\/\/www.instagram.com\/lilit_fleurs\/\"],\"description\":\"LILIT Fleurs, une entreprise florale renomm\u00e9e \u00e0 Bruxelles, propose des cr\u00e9ations florales uniques \u00e0 travers ses quatre boutiques id\u00e9alement situ\u00e9es dans la capitale belge. Sp\u00e9cialis\u00e9e dans la conception florale pour toutes les occasions, LILIT Fleurs se distingue par son savoir-faire artisanal, ses compositions \u00e9l\u00e9gantes et son service client irr\u00e9prochable. Que ce soit pour des \u00e9v\u00e9nements, des cadeaux ou une simple touche de nature dans votre quotidien, faites confiance \u00e0 LILIT Fleurs pour sublimer chaque instant avec des fleurs de qualit\u00e9 exceptionnelle. Livraison rapide et personnalis\u00e9e \u00e0 Bruxelles et dans un rayon de 100km.\",\"legalName\":\"Lilit Fleurs\",\"foundingDate\":\"2015-02-22\",\"iso6523Code\":\"BEBE0633.996.651\",\"naics\":\"453110\",\"numberOfEmployees\":{\"@type\":\"QuantitativeValue\",\"minValue\":\"11\",\"maxValue\":\"50\"},\"ownershipFundingInfo\":\"https:\/\/flowers-online.lilitfleurs.eu\/contact\/\",\"address\":{\"@id\":\"https:\/\/flowers-online.lilitfleurs.eu\/my-account\/#local-main-place-address\"},\"geo\":{\"@type\":\"GeoCoordinates\",\"latitude\":\"50.803234\",\"longitude\":\"4.341237\"},\"telephone\":[\"0633996651\"],\"contactPoint\":{\"@type\":\"ContactPoint\",\"telephone\":\"02 512 35 30\",\"email\":\"fleurslilit@lilitfleurs.eu\"},\"openingHoursSpecification\":[{\"@type\":\"OpeningHoursSpecification\",\"dayOfWeek\":[\"Monday\",\"Tuesday\",\"Wednesday\",\"Thursday\",\"Friday\",\"Saturday\"],\"opens\":\"09:00\",\"closes\":\"20:00\"},{\"@type\":\"OpeningHoursSpecification\",\"dayOfWeek\":[\"Sunday\"],\"opens\":\"10:00\",\"closes\":\"18:00\"}],\"email\":\"uccle@lilitfleurs.eu\",\"areaServed\":\"Bruxelles\",\"vatID\":\"BE0633996651\",\"priceRange\":\"$\",\"currenciesAccepted\":\"\u20ac\",\"paymentAccepted\":\"Cash,Visa, Bancontact,\"},{\"@type\":\"PostalAddress\",\"@id\":\"https:\/\/flowers-online.lilitfleurs.eu\/my-account\/#local-main-place-address\",\"streetAddress\":\"Av. Brugmann 546\",\"addressLocality\":\"Bruxelles\",\"postalCode\":\"1180\",\"addressCountry\":\"BE\"},{\"@type\":\"ImageObject\",\"inLanguage\":\"de\",\"@id\":\"https:\/\/flowers-online.lilitfleurs.eu\/my-account\/#local-main-organization-logo\",\"url\":\"https:\/\/flowers-online.lilitfleurs.eu\/wp-content\/uploads\/2024\/08\/cropped-Logo-officiel-Lilit-Fleurs-Bruxelles-Fond-invisible.png\",\"contentUrl\":\"https:\/\/flowers-online.lilitfleurs.eu\/wp-content\/uploads\/2024\/08\/cropped-Logo-officiel-Lilit-Fleurs-Bruxelles-Fond-invisible.png\",\"width\":332,\"height\":166,\"caption\":\"Lilit Fleurs - Fleuriste et Livraison de fleurs\"}]}<\/script>\n<meta name=\"geo.placename\" content=\"Bruxelles\" \/>\n<meta name=\"geo.position\" content=\"50.803234;4.341237\" \/>\n<meta name=\"geo.region\" content=\"Belgien\" \/>\n<!-- \/ Yoast SEO Premium plugin. -->","yoast_head_json":{"title":"Mein Konto \u2013 LILIT FLEURS | Ihre Bestellungen Verwalten","description":"Greifen Sie auf Ihr LILIT FLEURS-Konto zu, um Ihre Bestellungen, Abonnements und pers\u00f6nlichen Daten zu verwalten. Verfolgen Sie Ihre Lieferungen und genie\u00dfen Sie einen pers\u00f6nlichen Service.","robots":{"index":"index","follow":"follow","max-snippet":"max-snippet:-1","max-image-preview":"max-image-preview:large","max-video-preview":"max-video-preview:-1"},"canonical":"https:\/\/flowers-online.lilitfleurs.eu\/de\/mein-konto\/","og_locale":"de_DE","og_type":"article","og_title":"Mon Compte \u2013 LILIT FLEURS | G\u00e9rer vos Commandes","og_description":"Acc\u00e9dez \u00e0 votre compte LILIT FLEURS pour g\u00e9rer vos commandes, abonnements et informations personnelles. Suivez vos livraisons et profitez d'un service personnalis\u00e9.","og_url":"https:\/\/flowers-online.lilitfleurs.eu\/de\/mein-konto\/","og_site_name":"Lilit Fleurs","article_publisher":"https:\/\/m.facebook.com\/100073802656863\/","article_modified_time":"2026-03-11T22:41:26+00:00","og_image":[{"width":480,"height":640,"url":"https:\/\/flowers-online.lilitfleurs.eu\/wp-content\/uploads\/2024\/12\/Fermina-2-Fleurs-livraison-Bruxelles-Lilit-Fleurs-19-1.jpg","type":"image\/jpeg"}],"twitter_card":"summary_large_image","twitter_title":"Mon Compte \u2013 LILIT FLEURS | G\u00e9rer vos Commandes","twitter_description":"Acc\u00e9dez \u00e0 votre compte LILIT FLEURS pour g\u00e9rer vos commandes, abonnements et informations personnelles. Suivez vos livraisons et profitez d'un service personnalis\u00e9.","twitter_misc":{"Gesch\u00e4tzte Lesezeit":"1\u00a0Minute"},"schema":{"@context":"https:\/\/schema.org","@graph":[{"@type":"WebPage","@id":"https:\/\/flowers-online.lilitfleurs.eu\/my-account\/","url":"https:\/\/flowers-online.lilitfleurs.eu\/my-account\/","name":"Mein Konto \u2013 LILIT FLEURS | Ihre Bestellungen Verwalten","isPartOf":{"@id":"https:\/\/flowers-online.lilitfleurs.eu\/#website"},"primaryImageOfPage":{"@id":"https:\/\/flowers-online.lilitfleurs.eu\/my-account\/#primaryimage"},"image":{"@id":"https:\/\/flowers-online.lilitfleurs.eu\/my-account\/#primaryimage"},"thumbnailUrl":"https:\/\/flowers-online.lilitfleurs.eu\/wp-content\/uploads\/2024\/12\/Fermina-2-Fleurs-livraison-Bruxelles-Lilit-Fleurs-19-1.jpg","datePublished":"2021-12-09T15:27:33+00:00","dateModified":"2026-03-11T22:41:26+00:00","description":"Greifen Sie auf Ihr LILIT FLEURS-Konto zu, um Ihre Bestellungen, Abonnements und pers\u00f6nlichen Daten zu verwalten. Verfolgen Sie Ihre Lieferungen und genie\u00dfen Sie einen pers\u00f6nlichen Service.","breadcrumb":{"@id":"https:\/\/flowers-online.lilitfleurs.eu\/my-account\/#breadcrumb"},"inLanguage":"de","potentialAction":[{"@type":"ReadAction","target":["https:\/\/flowers-online.lilitfleurs.eu\/my-account\/"]}]},{"@type":"ImageObject","inLanguage":"de","@id":"https:\/\/flowers-online.lilitfleurs.eu\/my-account\/#primaryimage","url":"https:\/\/flowers-online.lilitfleurs.eu\/wp-content\/uploads\/2024\/12\/Fermina-2-Fleurs-livraison-Bruxelles-Lilit-Fleurs-19-1.jpg","contentUrl":"https:\/\/flowers-online.lilitfleurs.eu\/wp-content\/uploads\/2024\/12\/Fermina-2-Fleurs-livraison-Bruxelles-Lilit-Fleurs-19-1.jpg","width":480,"height":640,"caption":"Fermina - Fleurs livraison Bruxelles - Lilit Fleurs"},{"@type":"BreadcrumbList","@id":"https:\/\/flowers-online.lilitfleurs.eu\/my-account\/#breadcrumb","itemListElement":[{"@type":"ListItem","position":1,"name":"Lilit Fleurs","item":"https:\/\/flowers-online.lilitfleurs.eu\/"},{"@type":"ListItem","position":2,"name":"Mon compte"}]},{"@type":"WebSite","@id":"https:\/\/flowers-online.lilitfleurs.eu\/#website","url":"https:\/\/flowers-online.lilitfleurs.eu\/","name":"Lilit Fleurs","description":"Blumenlieferung in Br\u00fcssel und bis zu 100 km Umgebung, am selben Tag","publisher":{"@id":"https:\/\/flowers-online.lilitfleurs.eu\/#organization"},"alternateName":"Livraison \u00e0 Bruxelles et jusqu'\u00e0 100km autour","potentialAction":[{"@type":"SearchAction","target":{"@type":"EntryPoint","urlTemplate":"https:\/\/flowers-online.lilitfleurs.eu\/?s={search_term_string}"},"query-input":{"@type":"PropertyValueSpecification","valueRequired":true,"valueName":"search_term_string"}}],"inLanguage":"de"},{"@type":["Organization","Place","Florist"],"@id":"https:\/\/flowers-online.lilitfleurs.eu\/#organization","name":"Lilit Fleurs \u2013 Florist and Flower Delivery","alternateName":"Livraison \u00e0 Bruxelles et jusqu'\u00e0 100km autour","url":"https:\/\/flowers-online.lilitfleurs.eu\/","logo":{"@id":"https:\/\/flowers-online.lilitfleurs.eu\/my-account\/#local-main-organization-logo"},"image":{"@id":"https:\/\/flowers-online.lilitfleurs.eu\/my-account\/#local-main-organization-logo"},"sameAs":["https:\/\/m.facebook.com\/100073802656863\/","https:\/\/www.instagram.com\/lilit_fleurs\/"],"description":"LILIT Fleurs, ein renommiertes Floristikunternehmen in Br\u00fcssel, bietet einzigartige florale Kreationen in seinen vier ideal in der belgischen Hauptstadt gelegenen Boutiquen an. Spezialisiert auf Floraldesign f\u00fcr alle Anl\u00e4sse, zeichnet sich LILIT Fleurs durch handwerkliches K\u00f6nnen, elegante Kompositionen und tadellosen Kundenservice aus. Ob f\u00fcr Veranstaltungen, Geschenke oder einfach eine nat\u00fcrliche Note im Alltag \u2013 vertrauen Sie auf LILIT Fleurs, um jeden Moment mit Blumen au\u00dfergew\u00f6hnlicher Qualit\u00e4t zu versch\u00f6nern. Schnelle und personalisierte Lieferung in Br\u00fcssel und im Umkreis von 100 km.","legalName":"Lilit Fleurs","foundingDate":"2015-02-22","iso6523Code":"BEBE0633.996.651","naics":"453110","numberOfEmployees":{"@type":"QuantitativeValue","minValue":"11","maxValue":"50"},"ownershipFundingInfo":"https:\/\/flowers-online.lilitfleurs.eu\/contact\/","address":{"@id":"https:\/\/flowers-online.lilitfleurs.eu\/my-account\/#local-main-place-address"},"geo":{"@type":"GeoCoordinates","latitude":"50.803234","longitude":"4.341237"},"telephone":["0633996651"],"contactPoint":{"@type":"ContactPoint","telephone":"02 512 35 30","email":"fleurslilit@lilitfleurs.eu"},"openingHoursSpecification":[{"@type":"OpeningHoursSpecification","dayOfWeek":["Monday","Tuesday","Wednesday","Thursday","Friday","Saturday"],"opens":"09:00","closes":"20:00"},{"@type":"OpeningHoursSpecification","dayOfWeek":["Sunday"],"opens":"10:00","closes":"18:00"}],"email":"uccle@lilitfleurs.eu","areaServed":"Bruxelles","vatID":"BE0633996651","priceRange":"$","currenciesAccepted":"\u20ac","paymentAccepted":"Cash,Visa, Bancontact,"},{"@type":"PostalAddress","@id":"https:\/\/flowers-online.lilitfleurs.eu\/my-account\/#local-main-place-address","streetAddress":"Av. Brugmann 546","addressLocality":"Bruxelles","postalCode":"1180","addressCountry":"BE"},{"@type":"ImageObject","inLanguage":"de","@id":"https:\/\/flowers-online.lilitfleurs.eu\/my-account\/#local-main-organization-logo","url":"https:\/\/flowers-online.lilitfleurs.eu\/wp-content\/uploads\/2024\/08\/cropped-Logo-officiel-Lilit-Fleurs-Bruxelles-Fond-invisible.png","contentUrl":"https:\/\/flowers-online.lilitfleurs.eu\/wp-content\/uploads\/2024\/08\/cropped-Logo-officiel-Lilit-Fleurs-Bruxelles-Fond-invisible.png","width":332,"height":166,"caption":"Lilit Fleurs - Fleuriste et Livraison de fleurs"}]},"geo.placename":"Bruxelles","geo.position":{"lat":"50.803234","long":"4.341237"},"geo.region":"Belgien"},"_links":{"self":[{"href":"https:\/\/flowers-online.lilitfleurs.eu\/de\/wp-json\/wp\/v2\/pages\/9","targetHints":{"allow":["GET"]}}],"collection":[{"href":"https:\/\/flowers-online.lilitfleurs.eu\/de\/wp-json\/wp\/v2\/pages"}],"about":[{"href":"https:\/\/flowers-online.lilitfleurs.eu\/de\/wp-json\/wp\/v2\/types\/page"}],"author":[{"embeddable":true,"href":"https:\/\/flowers-online.lilitfleurs.eu\/de\/wp-json\/wp\/v2\/users\/6"}],"replies":[{"embeddable":true,"href":"https:\/\/flowers-online.lilitfleurs.eu\/de\/wp-json\/wp\/v2\/comments?post=9"}],"version-history":[{"count":12,"href":"https:\/\/flowers-online.lilitfleurs.eu\/de\/wp-json\/wp\/v2\/pages\/9\/revisions"}],"predecessor-version":[{"id":994300,"href":"https:\/\/flowers-online.lilitfleurs.eu\/de\/wp-json\/wp\/v2\/pages\/9\/revisions\/994300"}],"wp:featuredmedia":[{"embeddable":true,"href":"https:\/\/flowers-online.lilitfleurs.eu\/de\/wp-json\/wp\/v2\/media\/989513"}],"wp:attachment":[{"href":"https:\/\/flowers-online.lilitfleurs.eu\/de\/wp-json\/wp\/v2\/media?parent=9"}],"curies":[{"name":"wp","href":"https:\/\/api.w.org\/{rel}","templated":true}]}}